{"id":164,"date":"2020-02-06T18:54:45","date_gmt":"2020-02-06T15:54:45","guid":{"rendered":"https:\/\/dev.takilta.fi\/?page_id=164"},"modified":"2025-09-04T18:47:05","modified_gmt":"2025-09-04T15:47:05","slug":"hae-jaseneksi","status":"publish","type":"page","link":"https:\/\/dev.takilta.fi\/?page_id=164","title":{"rendered":"Hae j\u00e4seneksi"},"content":{"rendered":"\n<h1 class=\"wp-block-heading\">Hae j\u00e4seneksi<\/h1>\n\n\n\n<p class=\"wp-block-paragraph\">Killan j\u00e4seneksi voi p\u00e4\u00e4st\u00e4 sukupuoleen ja sotilasarvoon katsomatta jokainen t\u00e4ysi-ik\u00e4inen ja hyv\u00e4maineinen Suomen kansalainen, jonka Killan hallitus j\u00e4seneksi hyv\u00e4ksyy. Killan hallitus hyv\u00e4ksyy j\u00e4seneksi henkil\u00f6n jolla on Puolustusvoimissa tai muussa turvallisuusorganisaatiossa hankittu tarkka-ampujakoulutus, tai aiemmalla toiminnalla osoitetut edellytykset kehitty\u00e4 tarkka-ampujaksi. T\u00e4llaiseksi luetaan suoritetut MPK:n tai vastaavien koulutusorganisaatioiden j\u00e4rjest\u00e4m\u00e4t tarkka-ampujakurssit, tai kiv\u00e4\u00e4riammuntaan liittyv\u00e4 aiempi muu harrastustausta.<\/p>\n\n\n\n<p class=\"wp-block-paragraph\">Hallitus k\u00e4sittelee alla olevien ohjeiden mukaisesti toimitetut j\u00e4senhakemukset noin kuuden viikon v\u00e4lein. Reservil\u00e4isliitto l\u00e4hett\u00e4\u00e4 j\u00e4senkortin ja -laskun hyv\u00e4ksynn\u00e4n j\u00e4lkeen.<\/p>\n\n\n\n<h2 class=\"wp-block-heading\">Hakuohje<\/h2>\n\n\n\n<p><strong>1. T\u00e4yt\u00e4 Reservil\u00e4isliiton <a rel=\"noreferrer noopener\" aria-label=\"j\u00e4senhakulomake (opens in a new tab)\" href=\"https:\/\/www.reservilaisliitto.fi\/jasenille\/liity-jaseneksi\/\" target=\"_blank\">j\u00e4senhakulomake<\/a> ja valitse j\u00e4senyhdistykseksi Tarkka-ampujakilta ry.<\/strong><\/p>\n\n<p><strong>2. Kopioi s\u00e4hk\u00f6postiviestiin alla olevat kysymykset ja kirjoita vastauksesi niiden per\u00e4\u00e4n. L\u00e4het\u00e4 teksti <a rel=\"noreferrer noopener\" aria-label=\"sihteeri@takilta.fi (opens in a new tab)\" href=\"mailto:sihteeri@takilta.fi\" target=\"_blank\">sihteeri@takilta.fi<\/a><\/strong><\/p>\n\n\n\n<ol class=\"wp-block-list questions\">\n<li>Miksi haet Killan j\u00e4senyytt\u00e4?<\/li>\n\n\n\n<li>Mink\u00e4lainen on armeijataustasi?<\/li>\n\n\n\n<li>Mink\u00e4lainen ammunta-\/reservil\u00e4istausta sinulla on?<\/li>\n\n\n\n<li>Miss\u00e4 olet saanut tarkka-ammunnan peruskoulutuksen? Liit\u00e4 hakemukseen kopio sotilaspassista, ote MPK-kortista, tai muusta, joista koulutus k\u00e4y ilmi.<\/li>\n\n\n\n<li>Voiko joku tuntemasi Killan j\u00e4sen suositella j\u00e4senyytt\u00e4si? Nime\u00e4 henkil\u00f6 ja pyyd\u00e4 h\u00e4nt\u00e4 olemaan yhteydess\u00e4 puheenjohtajaan keskustelun merkeiss\u00e4.<\/li>\n\n\n\n<li>Onko sinulla hallussapitolupa kiv\u00e4\u00e4riin, jolla voit osallistua Killan ampumatapahtumiin?<\/li>\n\n\n\n<li>Kuulutko jo johonkin reservil\u00e4isyhdistykseen, ampuma- tai mets\u00e4stysseuraan?<\/li>\n\n\n\n<li>Mink\u00e4laista toimintaa toivoisit Killan voivan tarjota sinulle?<\/li>\n\n\n\n<li>Onko taustasi nuhteeton? Kyll\u00e4\/ei.<\/li>\n\n\n\n<li>Vapaa sana, kun haluat kertoa itsest\u00e4si jotain muuta.<\/li>\n\n\n\n<li>Vakuutan antamani tiedot totuudenmukaisiksi.<\/li>\n<\/ol>\n\n\n\n<p class=\"wp-block-paragraph\"><\/p>\n\n\n\n<h3 class=\"wp-block-heading\">Valtakunnallinen vaihtoehto<\/h3>\n\n\n\n<p class=\"wp-block-paragraph\">Tarkka-ampujakilta on valtakunnallinen. Jos asut Pohjanmaalla tai Lapissa, niin tiesith\u00e4n, ett\u00e4 n\u00e4ill\u00e4 alueilla toimii my\u00f6s paikallisia tarkka-ammuntayhdistyksi\u00e4, kuten esimerkiksi <a href=\"https:\/\/www.facebook.com\/Pohjanmaan-tarkka-ampujat-525045660883711\/\" target=\"_blank\" rel=\"noreferrer noopener\" aria-label=\" (opens in a new tab)\">Pohjanmaan Tarkka-ampujat Ry<\/a> ja <a rel=\"noreferrer noopener\" aria-label=\"Artic Snipers Ry (opens in a new tab)\" href=\"https:\/\/www.instagram.com\/arcticsnipersfinland\/\" target=\"_blank\">Artic Snipers Ry<\/a>. Suosittelemme l\u00e4mpim\u00e4sti tutustumaan my\u00f6s heid\u00e4n toimintaansa!<\/p>\n\n\n\n<style>\n.questions{\npadding-left:5% !important;\n}\n.questions > li {\nline-height:normal !important;\nfont-size:14px !important;\n}\n<\/style>\n","protected":false},"excerpt":{"rendered":"<p>Hae j\u00e4seneksi Killan j\u00e4seneksi voi p\u00e4\u00e4st\u00e4 sukupuoleen ja sotilasarvoon katsomatta jokainen t\u00e4ysi-ik\u00e4inen ja hyv\u00e4maineinen Suomen kansalainen, jonka Killan hallitus j\u00e4seneksi hyv\u00e4ksyy. Killan hallitus hyv\u00e4ksyy j\u00e4seneksi henkil\u00f6n jolla on Puolustusvoimissa tai muussa turvallisuusorganisaatiossa hankittu tarkka-ampujakoulutus, tai aiemmalla toiminnalla osoitetut edellytykset kehitty\u00e4 tarkka-ampujaksi. T\u00e4llaiseksi luetaan suoritetut MPK:n tai vastaavien koulutusorganisaatioiden j\u00e4rjest\u00e4m\u00e4t tarkka-ampujakurssit, tai kiv\u00e4\u00e4riammuntaan liittyv\u00e4 aiempi muu&hellip;&nbsp;<a href=\"https:\/\/dev.takilta.fi\/?page_id=164\" rel=\"bookmark\">Lue lis\u00e4\u00e4 &raquo;<span class=\"screen-reader-text\">Hae j\u00e4seneksi<\/span><\/a><\/p>\n","protected":false},"author":1,"featured_media":0,"parent":0,"menu_order":0,"comment_status":"closed","ping_status":"closed","template":"","meta":{"_crdt_document":"","neve_meta_sidebar":"","neve_meta_container":"","neve_meta_enable_content_width":"","neve_meta_content_width":70,"neve_meta_title_alignment":"","neve_meta_author_avatar":"","neve_post_elements_order":"","neve_meta_disable_header":"","neve_meta_disable_footer":"","neve_meta_disable_title":"","footnotes":""},"class_list":["post-164","page","type-page","status-publish","hentry"],"_links":{"self":[{"href":"https:\/\/dev.takilta.fi\/index.php?rest_route=\/wp\/v2\/pages\/164","targetHints":{"allow":["GET"]}}],"collection":[{"href":"https:\/\/dev.takilta.fi\/index.php?rest_route=\/wp\/v2\/pages"}],"about":[{"href":"https:\/\/dev.takilta.fi\/index.php?rest_route=\/wp\/v2\/types\/page"}],"author":[{"embeddable":true,"href":"https:\/\/dev.takilta.fi\/index.php?rest_route=\/wp\/v2\/users\/1"}],"replies":[{"embeddable":true,"href":"https:\/\/dev.takilta.fi\/index.php?rest_route=%2Fwp%2Fv2%2Fcomments&post=164"}],"version-history":[{"count":36,"href":"https:\/\/dev.takilta.fi\/index.php?rest_route=\/wp\/v2\/pages\/164\/revisions"}],"predecessor-version":[{"id":363,"href":"https:\/\/dev.takilta.fi\/index.php?rest_route=\/wp\/v2\/pages\/164\/revisions\/363"}],"wp:attachment":[{"href":"https:\/\/dev.takilta.fi\/index.php?rest_route=%2Fwp%2Fv2%2Fmedia&parent=164"}],"curies":[{"name":"wp","href":"https:\/\/api.w.org\/{rel}","templated":true}]}}